{"id":20655,"date":"2023-05-27T00:05:14","date_gmt":"2023-05-26T22:05:14","guid":{"rendered":"https:\/\/www.malkiapark.sk\/produkt\/tickets\/"},"modified":"2025-02-10T09:22:03","modified_gmt":"2025-02-10T08:22:03","slug":"tickets","status":"publish","type":"product","link":"https:\/\/malkiapark.sk\/en\/produkt\/tickets\/","title":{"rendered":"Tickets"},"content":{"rendered":"<p>Thank you for helping us with your visit. We will use the funds <strong>from the entrance fee to the last cent<\/strong> for food and veterinary care for our wards, for the salaries of nurses, or improving the enclosures.<\/p>\n","protected":false},"excerpt":{"rendered":"<p>Thank you for helping us with your visit. We will use the funds from the entrance fee to the last cent for food and veterinary care for our wards, for the salaries of nurses, or improving the enclosures.<\/p>\n","protected":false},"featured_media":17300,"template":"","meta":[],"product_brand":[],"product_cat":[18],"product_tag":[],"class_list":{"0":"post-20655","1":"product","2":"type-product","3":"status-publish","4":"has-post-thumbnail","6":"product_cat-online-vstupenky","8":"first","9":"instock","10":"taxable","11":"shipping-taxable","12":"purchasable","13":"product-type-woosg"},"yoast_head":"<!-- This site is optimized with the Yoast SEO plugin v27.3 - https:\/\/yoast.com\/product\/yoast-seo-wordpress\/ -->\n<title>Tickets - Malkia Park<\/title>\n<meta name=\"description\" content=\"Zoo Malkia Park chr\u00e1ni ma\u010dkovit\u00e9 \u0161elmy a ohrozen\u00e9 druhy zvierat.\" \/>\n<meta name=\"robots\" content=\"index, follow, max-snippet:-1, max-image-preview:large, max-video-preview:-1\" \/>\n<link rel=\"canonical\" href=\"https:\/\/malkiapark.sk\/en\/produkt\/tickets\/\" \/>\n<meta property=\"og:locale\" content=\"en_US\" \/>\n<meta property=\"og:type\" content=\"article\" \/>\n<meta property=\"og:title\" content=\"Tickets - Malkia Park\" \/>\n<meta property=\"og:description\" content=\"Zoo Malkia Park chr\u00e1ni ma\u010dkovit\u00e9 \u0161elmy a ohrozen\u00e9 druhy zvierat.\" \/>\n<meta property=\"og:url\" content=\"https:\/\/malkiapark.sk\/en\/produkt\/tickets\/\" \/>\n<meta property=\"og:site_name\" content=\"Malkia Park\" \/>\n<meta property=\"article:publisher\" content=\"https:\/\/www.facebook.com\/malkiapark\/?locale=sk_SK\" \/>\n<meta property=\"article:modified_time\" content=\"2025-02-10T08:22:03+00:00\" \/>\n<meta property=\"og:image\" content=\"https:\/\/malkiapark.sk\/wp-content\/uploads\/2023\/05\/ticket.png\" \/>\n\t<meta property=\"og:image:width\" content=\"32\" \/>\n\t<meta property=\"og:image:height\" content=\"32\" \/>\n\t<meta property=\"og:image:type\" content=\"image\/png\" \/>\n<meta name=\"twitter:card\" content=\"summary_large_image\" \/>\n<meta name=\"twitter:label1\" content=\"Est. reading time\" \/>\n\t<meta name=\"twitter:data1\" content=\"1 minute\" \/>\n<script type=\"application\/ld+json\" class=\"yoast-schema-graph\">{\"@context\":\"https:\\\/\\\/schema.org\",\"@graph\":[{\"@type\":\"WebPage\",\"@id\":\"https:\\\/\\\/malkiapark.sk\\\/en\\\/produkt\\\/tickets\\\/\",\"url\":\"https:\\\/\\\/malkiapark.sk\\\/en\\\/produkt\\\/tickets\\\/\",\"name\":\"Tickets - Malkia Park\",\"isPartOf\":{\"@id\":\"https:\\\/\\\/malkiapark.sk\\\/#website\"},\"primaryImageOfPage\":{\"@id\":\"https:\\\/\\\/malkiapark.sk\\\/en\\\/produkt\\\/tickets\\\/#primaryimage\"},\"image\":{\"@id\":\"https:\\\/\\\/malkiapark.sk\\\/en\\\/produkt\\\/tickets\\\/#primaryimage\"},\"thumbnailUrl\":\"https:\\\/\\\/malkiapark.sk\\\/wp-content\\\/uploads\\\/2023\\\/05\\\/ticket.png\",\"datePublished\":\"2023-05-26T22:05:14+00:00\",\"dateModified\":\"2025-02-10T08:22:03+00:00\",\"description\":\"Zoo Malkia Park chr\u00e1ni ma\u010dkovit\u00e9 \u0161elmy a ohrozen\u00e9 druhy zvierat.\",\"breadcrumb\":{\"@id\":\"https:\\\/\\\/malkiapark.sk\\\/en\\\/produkt\\\/tickets\\\/#breadcrumb\"},\"inLanguage\":\"en-US\",\"potentialAction\":[{\"@type\":\"ReadAction\",\"target\":[\"https:\\\/\\\/malkiapark.sk\\\/en\\\/produkt\\\/tickets\\\/\"]}]},{\"@type\":\"ImageObject\",\"inLanguage\":\"en-US\",\"@id\":\"https:\\\/\\\/malkiapark.sk\\\/en\\\/produkt\\\/tickets\\\/#primaryimage\",\"url\":\"https:\\\/\\\/malkiapark.sk\\\/wp-content\\\/uploads\\\/2023\\\/05\\\/ticket.png\",\"contentUrl\":\"https:\\\/\\\/malkiapark.sk\\\/wp-content\\\/uploads\\\/2023\\\/05\\\/ticket.png\",\"width\":32,\"height\":32},{\"@type\":\"BreadcrumbList\",\"@id\":\"https:\\\/\\\/malkiapark.sk\\\/en\\\/produkt\\\/tickets\\\/#breadcrumb\",\"itemListElement\":[{\"@type\":\"ListItem\",\"position\":1,\"name\":\"Domovsk\u00e1 str\u00e1nka\",\"item\":\"https:\\\/\\\/malkiapark.sk\\\/\"},{\"@type\":\"ListItem\",\"position\":2,\"name\":\"Eshop\",\"item\":\"https:\\\/\\\/malkiapark.sk\\\/malkia-eshop\\\/\"},{\"@type\":\"ListItem\",\"position\":3,\"name\":\"Tickets\"}]},{\"@type\":\"WebSite\",\"@id\":\"https:\\\/\\\/malkiapark.sk\\\/#website\",\"url\":\"https:\\\/\\\/malkiapark.sk\\\/\",\"name\":\"Malkia Park\",\"description\":\"\",\"publisher\":{\"@id\":\"https:\\\/\\\/malkiapark.sk\\\/#organization\"},\"potentialAction\":[{\"@type\":\"SearchAction\",\"target\":{\"@type\":\"EntryPoint\",\"urlTemplate\":\"https:\\\/\\\/malkiapark.sk\\\/?s={search_term_string}\"},\"query-input\":{\"@type\":\"PropertyValueSpecification\",\"valueRequired\":true,\"valueName\":\"search_term_string\"}}],\"inLanguage\":\"en-US\"},{\"@type\":\"Organization\",\"@id\":\"https:\\\/\\\/malkiapark.sk\\\/#organization\",\"name\":\"Malkia Park\",\"url\":\"https:\\\/\\\/malkiapark.sk\\\/\",\"logo\":{\"@type\":\"ImageObject\",\"inLanguage\":\"en-US\",\"@id\":\"https:\\\/\\\/malkiapark.sk\\\/#\\\/schema\\\/logo\\\/image\\\/\",\"url\":\"https:\\\/\\\/malkiapark.sk\\\/wp-content\\\/uploads\\\/2023\\\/05\\\/logo-4.svg\",\"contentUrl\":\"https:\\\/\\\/malkiapark.sk\\\/wp-content\\\/uploads\\\/2023\\\/05\\\/logo-4.svg\",\"width\":77,\"height\":136,\"caption\":\"Malkia Park\"},\"image\":{\"@id\":\"https:\\\/\\\/malkiapark.sk\\\/#\\\/schema\\\/logo\\\/image\\\/\"},\"sameAs\":[\"https:\\\/\\\/www.facebook.com\\\/malkiapark\\\/?locale=sk_SK\"]}]}<\/script>\n<!-- \/ Yoast SEO plugin. -->","yoast_head_json":{"title":"Tickets - Malkia Park","description":"Zoo Malkia Park chr\u00e1ni ma\u010dkovit\u00e9 \u0161elmy a ohrozen\u00e9 druhy zvierat.","robots":{"index":"index","follow":"follow","max-snippet":"max-snippet:-1","max-image-preview":"max-image-preview:large","max-video-preview":"max-video-preview:-1"},"canonical":"https:\/\/malkiapark.sk\/en\/produkt\/tickets\/","og_locale":"en_US","og_type":"article","og_title":"Tickets - Malkia Park","og_description":"Zoo Malkia Park chr\u00e1ni ma\u010dkovit\u00e9 \u0161elmy a ohrozen\u00e9 druhy zvierat.","og_url":"https:\/\/malkiapark.sk\/en\/produkt\/tickets\/","og_site_name":"Malkia Park","article_publisher":"https:\/\/www.facebook.com\/malkiapark\/?locale=sk_SK","article_modified_time":"2025-02-10T08:22:03+00:00","og_image":[{"width":32,"height":32,"url":"https:\/\/malkiapark.sk\/wp-content\/uploads\/2023\/05\/ticket.png","type":"image\/png"}],"twitter_card":"summary_large_image","twitter_misc":{"Est. reading time":"1 minute"},"schema":{"@context":"https:\/\/schema.org","@graph":[{"@type":"WebPage","@id":"https:\/\/malkiapark.sk\/en\/produkt\/tickets\/","url":"https:\/\/malkiapark.sk\/en\/produkt\/tickets\/","name":"Tickets - Malkia Park","isPartOf":{"@id":"https:\/\/malkiapark.sk\/#website"},"primaryImageOfPage":{"@id":"https:\/\/malkiapark.sk\/en\/produkt\/tickets\/#primaryimage"},"image":{"@id":"https:\/\/malkiapark.sk\/en\/produkt\/tickets\/#primaryimage"},"thumbnailUrl":"https:\/\/malkiapark.sk\/wp-content\/uploads\/2023\/05\/ticket.png","datePublished":"2023-05-26T22:05:14+00:00","dateModified":"2025-02-10T08:22:03+00:00","description":"Zoo Malkia Park chr\u00e1ni ma\u010dkovit\u00e9 \u0161elmy a ohrozen\u00e9 druhy zvierat.","breadcrumb":{"@id":"https:\/\/malkiapark.sk\/en\/produkt\/tickets\/#breadcrumb"},"inLanguage":"en-US","potentialAction":[{"@type":"ReadAction","target":["https:\/\/malkiapark.sk\/en\/produkt\/tickets\/"]}]},{"@type":"ImageObject","inLanguage":"en-US","@id":"https:\/\/malkiapark.sk\/en\/produkt\/tickets\/#primaryimage","url":"https:\/\/malkiapark.sk\/wp-content\/uploads\/2023\/05\/ticket.png","contentUrl":"https:\/\/malkiapark.sk\/wp-content\/uploads\/2023\/05\/ticket.png","width":32,"height":32},{"@type":"BreadcrumbList","@id":"https:\/\/malkiapark.sk\/en\/produkt\/tickets\/#breadcrumb","itemListElement":[{"@type":"ListItem","position":1,"name":"Domovsk\u00e1 str\u00e1nka","item":"https:\/\/malkiapark.sk\/"},{"@type":"ListItem","position":2,"name":"Eshop","item":"https:\/\/malkiapark.sk\/malkia-eshop\/"},{"@type":"ListItem","position":3,"name":"Tickets"}]},{"@type":"WebSite","@id":"https:\/\/malkiapark.sk\/#website","url":"https:\/\/malkiapark.sk\/","name":"Malkia Park","description":"","publisher":{"@id":"https:\/\/malkiapark.sk\/#organization"},"potentialAction":[{"@type":"SearchAction","target":{"@type":"EntryPoint","urlTemplate":"https:\/\/malkiapark.sk\/?s={search_term_string}"},"query-input":{"@type":"PropertyValueSpecification","valueRequired":true,"valueName":"search_term_string"}}],"inLanguage":"en-US"},{"@type":"Organization","@id":"https:\/\/malkiapark.sk\/#organization","name":"Malkia Park","url":"https:\/\/malkiapark.sk\/","logo":{"@type":"ImageObject","inLanguage":"en-US","@id":"https:\/\/malkiapark.sk\/#\/schema\/logo\/image\/","url":"https:\/\/malkiapark.sk\/wp-content\/uploads\/2023\/05\/logo-4.svg","contentUrl":"https:\/\/malkiapark.sk\/wp-content\/uploads\/2023\/05\/logo-4.svg","width":77,"height":136,"caption":"Malkia Park"},"image":{"@id":"https:\/\/malkiapark.sk\/#\/schema\/logo\/image\/"},"sameAs":["https:\/\/www.facebook.com\/malkiapark\/?locale=sk_SK"]}]}},"_links":{"self":[{"href":"https:\/\/malkiapark.sk\/en\/wp-json\/wp\/v2\/product\/20655","targetHints":{"allow":["GET"]}}],"collection":[{"href":"https:\/\/malkiapark.sk\/en\/wp-json\/wp\/v2\/product"}],"about":[{"href":"https:\/\/malkiapark.sk\/en\/wp-json\/wp\/v2\/types\/product"}],"wp:featuredmedia":[{"embeddable":true,"href":"https:\/\/malkiapark.sk\/en\/wp-json\/wp\/v2\/media\/17300"}],"wp:attachment":[{"href":"https:\/\/malkiapark.sk\/en\/wp-json\/wp\/v2\/media?parent=20655"}],"wp:term":[{"taxonomy":"product_brand","embeddable":true,"href":"https:\/\/malkiapark.sk\/en\/wp-json\/wp\/v2\/product_brand?post=20655"},{"taxonomy":"product_cat","embeddable":true,"href":"https:\/\/malkiapark.sk\/en\/wp-json\/wp\/v2\/product_cat?post=20655"},{"taxonomy":"product_tag","embeddable":true,"href":"https:\/\/malkiapark.sk\/en\/wp-json\/wp\/v2\/product_tag?post=20655"}],"curies":[{"name":"wp","href":"https:\/\/api.w.org\/{rel}","templated":true}]}}